{"id":524,"date":"2024-10-11T13:18:54","date_gmt":"2024-10-11T11:18:54","guid":{"rendered":"http:\/\/246654.dsa-vorschau.de\/wordpress\/?page_id=524"},"modified":"2025-07-10T09:46:13","modified_gmt":"2025-07-10T07:46:13","slug":"impressum","status":"publish","type":"page","link":"http:\/\/eurotax-jobs.de\/?page_id=524","title":{"rendered":"Impressum"},"content":{"rendered":"<h1>Impressum<\/h1>\n<p>Eurotax Wolf * H\u00f6rner &amp; Partner PartmbB<\/p>\n<p>Berliner Stra\u00dfe 33a<br \/>\n16540 Hohen Neuendorf<\/p>\n<p><b>Tel.:<\/b> <a title=\"Telefonnummer von Eurotax Wolf\" href=\"tel:0330321093\">0 33 03 \/ 21 09 &#8211; 3<\/a><br \/>\n<b>Fax:<\/b> 0 33 03 \/ 21 09 &#8211; 444<br \/>\n<b>E-Mail:<\/b> <a style=\"cursor: pointer;\" title=\"E-Mail von Eurotax Wolf\">ilona.wolf@eurotax-hnd.de<\/a><\/p>\n<p><b>Rechtsform:<\/b> Partnerschaftsgesellschaft mit beschr\u00e4nkter Berufshaftung<\/p>\n<p><strong>Berufshaftpflicht:<\/strong> <a title=\"Webseite der HDI Versicherung AG\" href=\"https:\/\/www.hdi.de\" target=\"_blank\" rel=\"noreferrer noopener\">HDI Versicherung AG<\/a><br \/>\n30650 Hannover<br \/>\nVersicherungsschein Nr. 70 &#8211; 005822992 &#8211; 4<\/p>\n<p><b>Partnerschaftsregister:<\/b> Amtsgericht Neuruppin, PR 22 NP<\/p>\n<p><b>Berufsbezeichnung und der Staat verliehen:<\/b> Die gesetzliche Berufsbezeichnung &#8222;Steuerbevollm\u00e4chtigte und Steuerberater&#8220; wurde in der Bundesrepublik Deutschland verliehen. Staat der Zulassung ist die Bundesrepublik Deutschland<\/p>\n<p><b>Berufsrechtliche Regelungen:<\/b> Steuerberatungsgesetz (StBerG) Durchf\u00fchrungsverordnung zum Steuerberatungsgesetz (DVStB) Berufsordnung der Bundessteuerberaterkammer (BOStB) Steuerberatergeb\u00fchrenverordnung (StBGebV) seit 11.12.2012<br \/>\nSteuerberaterverg\u00fctungsverordnung (StBVV) Die Regelungen k\u00f6nnen bei der Bundessteuerberaterkammer unter <a href=\"https:\/\/www.bstbk.de\/\" target=\"_blank \">www.bstbk.de<\/a> eingesehen werden.<\/p>\n<p><b>USt-Id-Nummer:<\/b> DE252094561<\/p>\n<p><b>Erg\u00e4nzende Angaben:<\/b> Zust\u00e4ndige Aufsichtsbeh\u00f6rde der Steuerberater Steuerberaterkammer Brandenburg K\u00f6rperschaft des \u00f6ffentlichen Rechts<br \/>\nTuchmannstra\u00dfe 48B<br \/>\n14482 Potsdam<br \/>\n<b>Telefon:<\/b> +49(331)888520<br \/>\n<b>E-Mai:<\/b><br \/>\n<a title=\"E-Mail von der Steuerberaterkammer Brandenburg\" href=\"mailto:info@stbk-brandenburg.de\">info@stbk-brandenburg.de<\/a><br \/>\n<b>Website:<\/b> <a title=\"Steuerberaterkammer Brandenburg\" href=\"http:\/\/www.stbk-brandenburg.de\" target=\"_blank\" rel=\"noopener\">www.stbk-brandenburg.de<\/a><\/p>\n<h3>Bilderquellen<\/h3>\n<p><em><a title=\"Bildurheber\" href=\"https:\/\/stock.adobe.com\/de\/images\/auditor-or-internal-revenue-service-staff-business-men-checking-annual-financial-statements-of-company-audit-concept\/1167232593\" target=\"_blank\" rel=\"noopener\">\u00a9 Charlie&#8217;s &#8211; stock.adobe.com<\/a><\/em><\/p>\n<p><em><a title=\"Bildurheber\" href=\"https:\/\/stock.adobe.com\/de\/images\/diverse-team-of-two-business-people-working-talking-using-tablet-tech-walking-in-corporate-office\/1410254470\" target=\"_blank\" rel=\"noopener\">\u00a9 NDABCREATIVITY &#8211; stock.adobe.com<\/a><\/em><\/p>\n<p><em><a title=\"Bildurheber\" href=\"https:\/\/stock.adobe.com\/de\/images\/close-up-hand-of-business-working-man-writing-the-note-and-pressing-on-laptop-computer-at-cafe\/423316760\" target=\"_blank\" rel=\"noopener\">\u00a9 wichayada &#8211; stock.adobe.com<\/a><\/em><\/p>\n<p><em><a title=\"Bildurheber\" href=\"https:\/\/stock.adobe.com\/de\/images\/accountant-calculating-tax-report-financial-concept\/368150529\" target=\"_blank\" rel=\"noopener\">\u00a9 mojo_cp &#8211; stock.adobe.com<\/a><\/em><\/p>\n<p><em><a title=\"Bildurheber\" href=\"https:\/\/stock.adobe.com\/de\/images\/professional-team-business-operator-in-office-service-business-corporate-call-center-asian-help-center-appealed-to-consumers-support-identify-action-recovery-disaster-online-digital-marketing\/294020624\" target=\"_blank\" rel=\"noopener\">\u00a9 Me studio &#8211; stock.adobe.com<\/a><\/em><\/p>\n<p><em><a title=\"Bildurheber\" href=\"https:\/\/stock.adobe.com\/de\/images\/handshake-of-happy-young-business-woman-and-business-man-at-office-meeting\/1290560361\" target=\"_blank\" rel=\"noopener\">\u00a9 NDABCREATIVITY &#8211; stock.adobe.com<\/a><\/em><\/p>\n<p><a title=\"Bildurheber\" href=\"https:\/\/stock.adobe.com\/de\/images\/woman-using-smartphone-on-staircase-in-public-areas-during-leisure-time-the-concept-of-using-the-phone-is-essential-in-everyday-life\/215665703\" target=\"_blank\" rel=\"noopener\"><em>\u00a9 sitthiphong &#8211; stock.adobe.com<\/em><\/a><\/p>\n","protected":false},"excerpt":{"rendered":"<p>Impressum Eurotax Wolf * H\u00f6rner &amp; Partner PartmbB Berliner Stra\u00dfe 33a 16540 Hohen Neuendorf Tel.: 0 33 03 \/ 21 09 &#8211; 3 Fax: 0 33 03 \/ 21 09 &#8211; 444 E-Mail: ilona.wolf@eurotax-hnd.de Rechtsform: Partnerschaftsgesellschaft mit beschr\u00e4nkter Berufshaftung Berufshaftpflicht: HDI Versicherung AG 30650 Hannover Versicherungsschein Nr. 70 &#8211; 005822992 &#8211; 4 Partnerschaftsregister: Amtsgericht Neuruppin, [&hellip;]<\/p>\n","protected":false},"author":1,"featured_media":0,"parent":0,"menu_order":0,"comment_status":"closed","ping_status":"closed","template":"","meta":{"footnotes":""},"class_list":["post-524","page","type-page","status-publish","hentry"],"_links":{"self":[{"href":"http:\/\/eurotax-jobs.de\/index.php?rest_route=\/wp\/v2\/pages\/524","targetHints":{"allow":["GET"]}}],"collection":[{"href":"http:\/\/eurotax-jobs.de\/index.php?rest_route=\/wp\/v2\/pages"}],"about":[{"href":"http:\/\/eurotax-jobs.de\/index.php?rest_route=\/wp\/v2\/types\/page"}],"author":[{"embeddable":true,"href":"http:\/\/eurotax-jobs.de\/index.php?rest_route=\/wp\/v2\/users\/1"}],"replies":[{"embeddable":true,"href":"http:\/\/eurotax-jobs.de\/index.php?rest_route=%2Fwp%2Fv2%2Fcomments&post=524"}],"version-history":[{"count":3,"href":"http:\/\/eurotax-jobs.de\/index.php?rest_route=\/wp\/v2\/pages\/524\/revisions"}],"predecessor-version":[{"id":680,"href":"http:\/\/eurotax-jobs.de\/index.php?rest_route=\/wp\/v2\/pages\/524\/revisions\/680"}],"wp:attachment":[{"href":"http:\/\/eurotax-jobs.de\/index.php?rest_route=%2Fwp%2Fv2%2Fmedia&parent=524"}],"curies":[{"name":"wp","href":"https:\/\/api.w.org\/{rel}","templated":true}]}}